{"id":73363,"date":"2021-03-29T02:19:43","date_gmt":"2021-03-29T00:19:43","guid":{"rendered":"https:\/\/novocenter.novogen-layers.com\/inscription\/"},"modified":"2026-03-13T15:16:07","modified_gmt":"2026-03-13T14:16:07","slug":"inscription","status":"publish","type":"page","link":"https:\/\/novocenter.novogen-layers.com\/es\/inscription\/","title":{"rendered":"Registrar"},"content":{"rendered":"<p>[et_pb_section fb_built=\u00bb1&#8243; _builder_version=\u00bb4.16&#8243; _module_preset=\u00bbdefault\u00bb background_color=\u00bb#007ec3&#8243; custom_padding=\u00bb0%||0px||false|false\u00bb global_colors_info=\u00bb{}\u00bb][et_pb_row _builder_version=\u00bb4.16&#8243; _module_preset=\u00bbdefault\u00bb background_enable_image=\u00bboff\u00bb background_size=\u00bbcontain\u00bb background_position=\u00bbbottom_left\u00bb custom_padding=\u00bb50px|2%|0px|2%|false|true\u00bb global_colors_info=\u00bb{}\u00bb][et_pb_column type=\u00bb4_4&#8243; _builder_version=\u00bb4.16&#8243; _module_preset=\u00bbdefault\u00bb global_colors_info=\u00bb{}\u00bb][et_pb_button button_url=\u00bb@ET-DC@eyJkeW5hbWljIjp0cnVlLCJjb250ZW50IjoicG9zdF9saW5rX3VybF9wYWdlIiwic2V0dGluZ3MiOnsicG9zdF9pZCI6IjEwNzg0OTUifX0=@\u00bb button_text=\u00bbVolver a los servicios de Novocenter\u00bb button_alignment=\u00bbcenter\u00bb _builder_version=\u00bb4.27.6&#8243; _dynamic_attributes=\u00bbbutton_url\u00bb _module_preset=\u00bbdefault\u00bb custom_button=\u00bbon\u00bb button_text_size=\u00bb18px\u00bb button_bg_color=\u00bbRGBA(0,0,0,0)\u00bb button_font=\u00bb|700||on|||||\u00bb button_icon=\u00bb&#x23;||divi||400&#8243; button_icon_color=\u00bb#ffffff\u00bb button_icon_placement=\u00bbleft\u00bb button_on_hover=\u00bboff\u00bb custom_padding=\u00bb|0px||0px|false|false\u00bb hover_enabled=\u00bb0&#8243; global_colors_info=\u00bb{}\u00bb sticky_enabled=\u00bb0&#8243;][\/et_pb_button][et_pb_text _builder_version=\u00bb4.16&#8243; _module_preset=\u00bbdefault\u00bb header_text_align=\u00bbcenter\u00bb header_text_color=\u00bb#ffffff\u00bb header_font_size_tablet=\u00bb50px\u00bb header_font_size_phone=\u00bb40px\u00bb header_font_size_last_edited=\u00bbon|phone\u00bb global_colors_info=\u00bb{}\u00bb]<\/p>\n<h1>registro<\/h1>\n<p>[\/et_pb_text][\/et_pb_column][\/et_pb_row][\/et_pb_section][et_pb_section fb_built=\u00bb1&#8243; _builder_version=\u00bb4.16&#8243; _module_preset=\u00bbdefault\u00bb background_color=\u00bb#007ec3&#8243; background_image=\u00bbhttps:\/\/novocenter.novogen-layers.com\/wp-content\/uploads\/\/2021\/04\/header-inscription-stylo.svg\u00bb background_size=\u00bbinitial\u00bb background_position=\u00bbtop_left\u00bb custom_padding=\u00bb40px||||false|false\u00bb global_colors_info=\u00bb{}\u00bb][et_pb_row _builder_version=\u00bb4.16&#8243; _module_preset=\u00bbdefault\u00bb background_color=\u00bb#ffffff\u00bb max_width=\u00bb1000px\u00bb custom_padding=\u00bb50px|4%|50px|4%|false|true\u00bb border_radii=\u00bbon|10px|10px|10px|10px\u00bb global_colors_info=\u00bb{}\u00bb][et_pb_column type=\u00bb4_4&#8243; _builder_version=\u00bb4.16&#8243; _module_preset=\u00bbdefault\u00bb global_colors_info=\u00bb{}\u00bb][et_pb_text _builder_version=\u00bb4.16&#8243; _module_preset=\u00bbdefault\u00bb text_font=\u00bb|700|||||||\u00bb custom_margin=\u00bb||40px||false|false\u00bb custom_padding=\u00bb||10px||false|false\u00bb border_width_bottom=\u00bb4px\u00bb border_color_bottom=\u00bb#00A6D0&#8243; border_style_bottom=\u00bbdotted\u00bb global_colors_info=\u00bb{}\u00bb]<\/p>\n<p>Este formulario le permite crear una cuenta Novocenter gratis. Usted podr\u00e1 beneficiarse de informaci\u00f3n exclusiva y alertas sobre nuevos contenidos. Por favor llene los siguientes campos.<\/p>\n<p>[\/et_pb_text][et_pb_code _builder_version=\u00bb4.16&#8243; _module_preset=\u00bbdefault\u00bb global_colors_info=\u00bb{}\u00bb]\n\n<div class=\"mp_wrapper\">\n  <form name=\"mepr_signup_form\" id=\"mepr_signup_form\" class=\"mepr-signup-form mepr-form\" method=\"post\" action=\"\/es\/wp-json\/wp\/v2\/pages\/73363#mepr_jump\" enctype=\"multipart\/form-data\" novalidate>\n    <input type=\"hidden\" name=\"mepr_process_signup_form\" value=\"Y\" \/>\n    <input type=\"hidden\" name=\"mepr_product_id\" value=\"73440\" \/>\n\n    \n    \n    \n          <div class=\"mp-form-row mepr_bold mepr_price\">\n                <div class=\"mepr_price_cell_label\">Price:<\/div>\n        <div class=\"mepr_price_cell\">\n          Free        <\/div>\n      <\/div>\n    \n    \n          <div class=\"mp-form-row mepr_first_name mepr-field-required\">\n        <div class=\"mp-form-label\">\n          <label for=\"user_first_name1\">Nombre de pila*<\/label>\n          <span class=\"cc-error\">First Name Required<\/span>\n        <\/div>\n        <input type=\"text\" name=\"user_first_name\" id=\"user_first_name1\" class=\"mepr-form-input\" value=\"\" required \/>\n      <\/div>\n      <div class=\"mp-form-row mepr_last_name mepr-field-required\">\n        <div class=\"mp-form-label\">\n          <label for=\"user_last_name1\">Apellido:*<\/label>\n          <span class=\"cc-error\">Last Name Required<\/span>\n        <\/div>\n        <input type=\"text\" name=\"user_last_name\" id=\"user_last_name1\" class=\"mepr-form-input\" value=\"\" required \/>\n      <\/div>\n    \n    \n    \n<div class=\"mp-form-row mepr_custom_field mepr_mepr_empresa mepr-field-required\">\n        <div class=\"mp-form-label\">\n      <label class=\"placeholder-text\" for=\"mepr_empresa1\">\n          Empresa:*      <\/label>\n              <span id=\"mepr_empresa_error\" class=\"cc-error\">\n          Empresa is Required      <\/span>\n    <\/div>\n    <input type=\"text\" name=\"mepr_empresa\" id=\"mepr_empresa1\" class=\"mepr-form-input \" value=\"\" aria-describedby=\"mepr_empresa_error\"  required \/>  <\/div>\n\n<div class=\"mp-form-row mepr_custom_field mepr_mepr_pais mepr-field-required\">\n        <div class=\"mp-form-label\">\n      <label class=\"placeholder-text\" for=\"mepr_pais1\">\n          Pa\u00eds:*      <\/label>\n              <span id=\"mepr_pais_error\" class=\"cc-error\">\n          Pa\u00eds is Required      <\/span>\n    <\/div>\n    <input type=\"text\" name=\"mepr_pais\" id=\"mepr_pais1\" class=\"mepr-form-input \" value=\"\" aria-describedby=\"mepr_pais_error\"  required \/>  <\/div>\n\n<div class=\"mp-form-row mepr_custom_field mepr_mepr_telefono\">\n        <div class=\"mp-form-label\">\n      <label class=\"placeholder-text\" for=\"mepr_telefono1\">\n          Tel\u00e9fono:      <\/label>\n              <span id=\"mepr_telefono_error\" class=\"cc-error\">\n          Tel\u00e9fono is not valid      <\/span>\n    <\/div>\n    <input type=\"text\" name=\"mepr_telefono\" id=\"mepr_telefono1\" class=\"mepr-form-input \" value=\"\" aria-describedby=\"mepr_telefono_error\"   \/>  <\/div>\n\n    \n          <input type=\"hidden\" class=\"mepr-geo-country\" name=\"mepr-geo-country\" value=\"\" \/>\n\n              <div class=\"mp-form-row mepr_email mepr-field-required\">\n        <div class=\"mp-form-label\">\n          <label for=\"user_email1\">Email:*<\/label>\n          <span class=\"cc-error\">Invalid Email<\/span>\n        <\/div>\n        <input type=\"email\" name=\"user_email\" id=\"user_email1\" class=\"mepr-form-input\" value=\"\" required \/>\n      <\/div>\n      <div class=\"mp-form-row mepr_email_stripe mepr-field-required mepr-hidden\">\n      <\/div>\n                                <div class=\"mp-form-row mepr_password mepr-field-required\">\n          <div class=\"mp-form-label\">\n            <label for=\"mepr_user_password1\">Password:*<\/label>\n            <span class=\"cc-error\">Invalid Password<\/span>\n          <\/div>\n          <div class=\"mp-hide-pw\">\n            <input type=\"password\" name=\"mepr_user_password\" id=\"mepr_user_password1\" class=\"mepr-form-input mepr-password\" value=\"\" required \/>\n            <button type=\"button\" class=\"button mp-hide-pw hide-if-no-js\" data-toggle=\"0\" aria-label=\"Show password\">\n              <span class=\"dashicons dashicons-visibility\" aria-hidden=\"true\"><\/span>\n            <\/button>\n          <\/div>\n          <\/div>\n        <div class=\"mp-form-row mepr_password_confirm mepr-field-required\">\n          <div class=\"mp-form-label\">\n            <label for=\"mepr_user_password_confirm1\">Password Confirmation:*<\/label>\n            <span class=\"cc-error\">Password Confirmation Doesn&#039;t Match<\/span>\n          <\/div>\n          <div class=\"mp-hide-pw\">\n            <input type=\"password\" name=\"mepr_user_password_confirm\" id=\"mepr_user_password_confirm1\" class=\"mepr-form-input mepr-password-confirm\" value=\"\" required \/>\n            <button type=\"button\" class=\"button mp-hide-pw hide-if-no-js\" data-toggle=\"0\" aria-label=\"Show password\">\n              <span class=\"dashicons dashicons-visibility\" aria-hidden=\"true\"><\/span>\n            <\/button>\n          <\/div>\n        <\/div>\n                                    \n        \n    \n          <input type=\"hidden\" name=\"mepr_coupon_code\" value=\"\" \/>\n    \n    \n          <div class=\"mp-form-row\">\n        <label for=\"mepr_agree_to_privacy_policy1\" class=\"mepr-checkbox-field mepr-form-input\" required>\n          <input type=\"checkbox\" name=\"mepr_agree_to_privacy_policy\" id=\"mepr_agree_to_privacy_policy1\" \/>\n          Al enviar este formulario, Estoy de acuerdo con que la informaci\u00f3n ingresada sea utilizada por Novogen, Data Controller, para los prop\u00f3sitos de  procesar mi requerimiento. Usted puede ejercer sus derechos de acceso, rectificaci\u00f3n, eliminaci\u00f3n, limitaci\u00f3n, opocisi\u00f3n y portabilidad si se aplicaren. Para mayor informaci\u00f3n mire nuestra <a href=\"https:\/\/novocenter.novogen-layers.com\/es\/politica-privacidad\/\">pol\u00edtica de privacidad.<\/a>        <\/label>\n      <\/div>\n    \n        \n    <div class=\"mepr_spacer\">&nbsp;<\/div>\n\n    <div class=\"mp-form-submit\">\n            <label for=\"mepr_no_val\" class=\"mepr-visuallyhidden\">No val<\/label>\n      <input type=\"text\" id=\"mepr_no_val\" name=\"mepr_no_val\" class=\"mepr-form-input mepr-visuallyhidden mepr_no_val mepr-hidden\" autocomplete=\"off\" \/>\n\n              <input type=\"submit\" class=\"mepr-submit\" value=\"Inscribirse\" \/>\n            <img decoding=\"async\" src=\"https:\/\/novocenter.novogen-layers.com\/wp-admin\/images\/loading.gif\" alt=\"Loading...\" style=\"display: none;\" class=\"mepr-loading-gif\" title=\"Loading icon\" \/>\n      <span class=\"mepr-form-has-errors\">Please fix the errors above<\/span>\n\n    <\/div>\n  <\/form>\n<\/div>\n[\/et_pb_code][\/et_pb_column][\/et_pb_row][\/et_pb_section]<\/p>\n","protected":false},"excerpt":{"rendered":"<p>registroEste formulario le permite crear una cuenta Novocenter gratis. Usted podr\u00e1 beneficiarse de informaci\u00f3n exclusiva y alertas sobre nuevos contenidos. Por favor llene los siguientes campos.\n\n<div class=\"mp_wrapper\">\n  <form name=\"mepr_signup_form\" id=\"mepr_signup_form\" class=\"mepr-signup-form mepr-form\" method=\"post\" action=\"\/es\/wp-json\/wp\/v2\/pages\/73363#mepr_jump\" enctype=\"multipart\/form-data\" novalidate>\n    <input type=\"hidden\" name=\"mepr_process_signup_form\" value=\"Y\" \/>\n    <input type=\"hidden\" name=\"mepr_product_id\" value=\"73440\" \/>\n\n    \n    \n    \n          <div class=\"mp-form-row mepr_bold mepr_price\">\n                <div class=\"mepr_price_cell_label\">Price:<\/div>\n        <div class=\"mepr_price_cell\">\n          Free        <\/div>\n      <\/div>\n    \n    \n          <div class=\"mp-form-row mepr_first_name mepr-field-required\">\n        <div class=\"mp-form-label\">\n          <label for=\"user_first_name2\">Nombre de pila*<\/label>\n          <span class=\"cc-error\">First Name Required<\/span>\n        <\/div>\n        <input type=\"text\" name=\"user_first_name\" id=\"user_first_name2\" class=\"mepr-form-input\" value=\"\" required \/>\n      <\/div>\n      <div class=\"mp-form-row mepr_last_name mepr-field-required\">\n        <div class=\"mp-form-label\">\n          <label for=\"user_last_name2\">Apellido:*<\/label>\n          <span class=\"cc-error\">Last Name Required<\/span>\n        <\/div>\n        <input type=\"text\" name=\"user_last_name\" id=\"user_last_name2\" class=\"mepr-form-input\" value=\"\" required \/>\n      <\/div>\n    \n    \n    \n<div class=\"mp-form-row mepr_custom_field mepr_mepr_empresa mepr-field-required\">\n        <div class=\"mp-form-label\">\n      <label class=\"placeholder-text\" for=\"mepr_empresa2\">\n          Empresa:*      <\/label>\n              <span id=\"mepr_empresa_error\" class=\"cc-error\">\n          Empresa is Required      <\/span>\n    <\/div>\n    <input type=\"text\" name=\"mepr_empresa\" id=\"mepr_empresa2\" class=\"mepr-form-input \" value=\"\" aria-describedby=\"mepr_empresa_error\"  required \/>  <\/div>\n\n<div class=\"mp-form-row mepr_custom_field mepr_mepr_pais mepr-field-required\">\n        <div class=\"mp-form-label\">\n      <label class=\"placeholder-text\" for=\"mepr_pais2\">\n          Pa\u00eds:*      <\/label>\n              <span id=\"mepr_pais_error\" class=\"cc-error\">\n          Pa\u00eds is Required      <\/span>\n    <\/div>\n    <input type=\"text\" name=\"mepr_pais\" id=\"mepr_pais2\" class=\"mepr-form-input \" value=\"\" aria-describedby=\"mepr_pais_error\"  required \/>  <\/div>\n\n<div class=\"mp-form-row mepr_custom_field mepr_mepr_telefono\">\n        <div class=\"mp-form-label\">\n      <label class=\"placeholder-text\" for=\"mepr_telefono2\">\n          Tel\u00e9fono:      <\/label>\n              <span id=\"mepr_telefono_error\" class=\"cc-error\">\n          Tel\u00e9fono is not valid      <\/span>\n    <\/div>\n    <input type=\"text\" name=\"mepr_telefono\" id=\"mepr_telefono2\" class=\"mepr-form-input \" value=\"\" aria-describedby=\"mepr_telefono_error\"   \/>  <\/div>\n\n    \n          <input type=\"hidden\" class=\"mepr-geo-country\" name=\"mepr-geo-country\" value=\"\" \/>\n\n              <div class=\"mp-form-row mepr_email mepr-field-required\">\n        <div class=\"mp-form-label\">\n          <label for=\"user_email2\">Email:*<\/label>\n          <span class=\"cc-error\">Invalid Email<\/span>\n        <\/div>\n        <input type=\"email\" name=\"user_email\" id=\"user_email2\" class=\"mepr-form-input\" value=\"\" required \/>\n      <\/div>\n      <div class=\"mp-form-row mepr_email_stripe mepr-field-required mepr-hidden\">\n      <\/div>\n                                <div class=\"mp-form-row mepr_password mepr-field-required\">\n          <div class=\"mp-form-label\">\n            <label for=\"mepr_user_password2\">Password:*<\/label>\n            <span class=\"cc-error\">Invalid Password<\/span>\n          <\/div>\n          <div class=\"mp-hide-pw\">\n            <input type=\"password\" name=\"mepr_user_password\" id=\"mepr_user_password2\" class=\"mepr-form-input mepr-password\" value=\"\" required \/>\n            <button type=\"button\" class=\"button mp-hide-pw hide-if-no-js\" data-toggle=\"0\" aria-label=\"Show password\">\n              <span class=\"dashicons dashicons-visibility\" aria-hidden=\"true\"><\/span>\n            <\/button>\n          <\/div>\n          <\/div>\n        <div class=\"mp-form-row mepr_password_confirm mepr-field-required\">\n          <div class=\"mp-form-label\">\n            <label for=\"mepr_user_password_confirm2\">Password Confirmation:*<\/label>\n            <span class=\"cc-error\">Password Confirmation Doesn&#039;t Match<\/span>\n          <\/div>\n          <div class=\"mp-hide-pw\">\n            <input type=\"password\" name=\"mepr_user_password_confirm\" id=\"mepr_user_password_confirm2\" class=\"mepr-form-input mepr-password-confirm\" value=\"\" required \/>\n            <button type=\"button\" class=\"button mp-hide-pw hide-if-no-js\" data-toggle=\"0\" aria-label=\"Show password\">\n              <span class=\"dashicons dashicons-visibility\" aria-hidden=\"true\"><\/span>\n            <\/button>\n          <\/div>\n        <\/div>\n                                    \n        \n    \n          <input type=\"hidden\" name=\"mepr_coupon_code\" value=\"\" \/>\n    \n    \n          <div class=\"mp-form-row\">\n        <label for=\"mepr_agree_to_privacy_policy2\" class=\"mepr-checkbox-field mepr-form-input\" required>\n          <input type=\"checkbox\" name=\"mepr_agree_to_privacy_policy\" id=\"mepr_agree_to_privacy_policy2\" \/>\n          Al enviar este formulario, Estoy de acuerdo con que la informaci\u00f3n ingresada sea utilizada por Novogen, Data Controller, para los prop\u00f3sitos de  procesar mi requerimiento. Usted puede ejercer sus derechos de acceso, rectificaci\u00f3n, eliminaci\u00f3n, limitaci\u00f3n, opocisi\u00f3n y portabilidad si se aplicaren. Para mayor informaci\u00f3n mire nuestra <a href=\"https:\/\/novocenter.novogen-layers.com\/es\/politica-privacidad\/\">pol\u00edtica de privacidad.<\/a>        <\/label>\n      <\/div>\n    \n        \n    <div class=\"mepr_spacer\">&nbsp;<\/div>\n\n    <div class=\"mp-form-submit\">\n            <label for=\"mepr_no_val\" class=\"mepr-visuallyhidden\">No val<\/label>\n      <input type=\"text\" id=\"mepr_no_val\" name=\"mepr_no_val\" class=\"mepr-form-input mepr-visuallyhidden mepr_no_val mepr-hidden\" autocomplete=\"off\" \/>\n\n              <input type=\"submit\" class=\"mepr-submit\" value=\"Inscribirse\" \/>\n            <img decoding=\"async\" src=\"https:\/\/novocenter.novogen-layers.com\/wp-admin\/images\/loading.gif\" alt=\"Loading...\" style=\"display: none;\" class=\"mepr-loading-gif\" title=\"Loading icon\" \/>\n      <span class=\"mepr-form-has-errors\">Please fix the errors above<\/span>\n\n    <\/div>\n  <\/form>\n<\/div>\n<\/p>\n","protected":false},"author":1,"featured_media":0,"parent":0,"menu_order":0,"comment_status":"closed","ping_status":"closed","template":"","meta":{"_et_pb_use_builder":"on","_et_pb_old_content":"","_et_gb_content_width":"","footnotes":""},"class_list":["post-73363","page","type-page","status-publish","hentry"],"yoast_head":"<!-- This site is optimized with the Yoast SEO plugin v27.0 - https:\/\/yoast.com\/product\/yoast-seo-wordpress\/ -->\n<title>Registrar - Novocenter<\/title>\n<meta name=\"robots\" content=\"index, follow, max-snippet:-1, max-image-preview:large, max-video-preview:-1\" \/>\n<link rel=\"canonical\" href=\"https:\/\/novocenter.novogen-layers.com\/inscription\/\" \/>\n<meta property=\"og:locale\" content=\"es_ES\" \/>\n<meta property=\"og:type\" content=\"article\" \/>\n<meta property=\"og:title\" content=\"Registrar - Novocenter\" \/>\n<meta property=\"og:description\" content=\"registroEste formulario le permite crear una cuenta Novocenter gratis. Usted podr\u00e1 beneficiarse de informaci\u00f3n exclusiva y alertas sobre nuevos contenidos. Por favor llene los siguientes campos.\" \/>\n<meta property=\"og:url\" content=\"https:\/\/novocenter.novogen-layers.com\/inscription\/\" \/>\n<meta property=\"og:site_name\" content=\"Novocenter\" \/>\n<meta property=\"article:modified_time\" content=\"2026-03-13T14:16:07+00:00\" \/>\n<meta name=\"twitter:card\" content=\"summary_large_image\" \/>\n<meta name=\"twitter:label1\" content=\"Tiempo de lectura\" \/>\n\t<meta name=\"twitter:data1\" content=\"1 minuto\" \/>\n<script type=\"application\/ld+json\" class=\"yoast-schema-graph\">{\"@context\":\"https:\/\/schema.org\",\"@graph\":[{\"@type\":\"WebPage\",\"@id\":\"https:\/\/novocenter.novogen-layers.com\/inscription\/\",\"url\":\"https:\/\/novocenter.novogen-layers.com\/inscription\/\",\"name\":\"Registrar - Novocenter\",\"isPartOf\":{\"@id\":\"https:\/\/novocenter.novogen-layers.com\/#website\"},\"datePublished\":\"2021-03-29T00:19:43+00:00\",\"dateModified\":\"2026-03-13T14:16:07+00:00\",\"breadcrumb\":{\"@id\":\"https:\/\/novocenter.novogen-layers.com\/inscription\/#breadcrumb\"},\"inLanguage\":\"es\",\"potentialAction\":[{\"@type\":\"ReadAction\",\"target\":[\"https:\/\/novocenter.novogen-layers.com\/inscription\/\"]}]},{\"@type\":\"BreadcrumbList\",\"@id\":\"https:\/\/novocenter.novogen-layers.com\/inscription\/#breadcrumb\",\"itemListElement\":[{\"@type\":\"ListItem\",\"position\":1,\"name\":\"Inicio\",\"item\":\"https:\/\/novocenter.novogen-layers.com\/\"},{\"@type\":\"ListItem\",\"position\":2,\"name\":\"Registrar\"}]},{\"@type\":\"WebSite\",\"@id\":\"https:\/\/novocenter.novogen-layers.com\/#website\",\"url\":\"https:\/\/novocenter.novogen-layers.com\/\",\"name\":\"Novocenter\",\"description\":\"Un site utilisant WordPress\",\"publisher\":{\"@id\":\"https:\/\/novocenter.novogen-layers.com\/#organization\"},\"potentialAction\":[{\"@type\":\"SearchAction\",\"target\":{\"@type\":\"EntryPoint\",\"urlTemplate\":\"https:\/\/novocenter.novogen-layers.com\/?s={search_term_string}\"},\"query-input\":{\"@type\":\"PropertyValueSpecification\",\"valueRequired\":true,\"valueName\":\"search_term_string\"}}],\"inLanguage\":\"es\"},{\"@type\":\"Organization\",\"@id\":\"https:\/\/novocenter.novogen-layers.com\/#organization\",\"name\":\"Novogen Layers\",\"url\":\"https:\/\/novocenter.novogen-layers.com\/\",\"logo\":{\"@type\":\"ImageObject\",\"inLanguage\":\"es\",\"@id\":\"https:\/\/novocenter.novogen-layers.com\/#\/schema\/logo\/image\/\",\"url\":\"https:\/\/novocenter.novogen-layers.com\/wp-content\/uploads\/2022\/01\/logo-couleur-hor-novogen-notagline.svg\",\"contentUrl\":\"https:\/\/novocenter.novogen-layers.com\/wp-content\/uploads\/2022\/01\/logo-couleur-hor-novogen-notagline.svg\",\"width\":357,\"height\":104,\"caption\":\"Novogen Layers\"},\"image\":{\"@id\":\"https:\/\/novocenter.novogen-layers.com\/#\/schema\/logo\/image\/\"}}]}<\/script>\n<!-- \/ Yoast SEO plugin. -->","yoast_head_json":{"title":"Registrar - Novocenter","robots":{"index":"index","follow":"follow","max-snippet":"max-snippet:-1","max-image-preview":"max-image-preview:large","max-video-preview":"max-video-preview:-1"},"canonical":"https:\/\/novocenter.novogen-layers.com\/inscription\/","og_locale":"es_ES","og_type":"article","og_title":"Registrar - Novocenter","og_description":"registroEste formulario le permite crear una cuenta Novocenter gratis. Usted podr\u00e1 beneficiarse de informaci\u00f3n exclusiva y alertas sobre nuevos contenidos. Por favor llene los siguientes campos.","og_url":"https:\/\/novocenter.novogen-layers.com\/inscription\/","og_site_name":"Novocenter","article_modified_time":"2026-03-13T14:16:07+00:00","twitter_card":"summary_large_image","twitter_misc":{"Tiempo de lectura":"1 minuto"},"schema":{"@context":"https:\/\/schema.org","@graph":[{"@type":"WebPage","@id":"https:\/\/novocenter.novogen-layers.com\/inscription\/","url":"https:\/\/novocenter.novogen-layers.com\/inscription\/","name":"Registrar - Novocenter","isPartOf":{"@id":"https:\/\/novocenter.novogen-layers.com\/#website"},"datePublished":"2021-03-29T00:19:43+00:00","dateModified":"2026-03-13T14:16:07+00:00","breadcrumb":{"@id":"https:\/\/novocenter.novogen-layers.com\/inscription\/#breadcrumb"},"inLanguage":"es","potentialAction":[{"@type":"ReadAction","target":["https:\/\/novocenter.novogen-layers.com\/inscription\/"]}]},{"@type":"BreadcrumbList","@id":"https:\/\/novocenter.novogen-layers.com\/inscription\/#breadcrumb","itemListElement":[{"@type":"ListItem","position":1,"name":"Inicio","item":"https:\/\/novocenter.novogen-layers.com\/"},{"@type":"ListItem","position":2,"name":"Registrar"}]},{"@type":"WebSite","@id":"https:\/\/novocenter.novogen-layers.com\/#website","url":"https:\/\/novocenter.novogen-layers.com\/","name":"Novocenter","description":"Un site utilisant WordPress","publisher":{"@id":"https:\/\/novocenter.novogen-layers.com\/#organization"},"potentialAction":[{"@type":"SearchAction","target":{"@type":"EntryPoint","urlTemplate":"https:\/\/novocenter.novogen-layers.com\/?s={search_term_string}"},"query-input":{"@type":"PropertyValueSpecification","valueRequired":true,"valueName":"search_term_string"}}],"inLanguage":"es"},{"@type":"Organization","@id":"https:\/\/novocenter.novogen-layers.com\/#organization","name":"Novogen Layers","url":"https:\/\/novocenter.novogen-layers.com\/","logo":{"@type":"ImageObject","inLanguage":"es","@id":"https:\/\/novocenter.novogen-layers.com\/#\/schema\/logo\/image\/","url":"https:\/\/novocenter.novogen-layers.com\/wp-content\/uploads\/2022\/01\/logo-couleur-hor-novogen-notagline.svg","contentUrl":"https:\/\/novocenter.novogen-layers.com\/wp-content\/uploads\/2022\/01\/logo-couleur-hor-novogen-notagline.svg","width":357,"height":104,"caption":"Novogen Layers"},"image":{"@id":"https:\/\/novocenter.novogen-layers.com\/#\/schema\/logo\/image\/"}}]}},"_links":{"self":[{"href":"https:\/\/novocenter.novogen-layers.com\/es\/wp-json\/wp\/v2\/pages\/73363","targetHints":{"allow":["GET"]}}],"collection":[{"href":"https:\/\/novocenter.novogen-layers.com\/es\/wp-json\/wp\/v2\/pages"}],"about":[{"href":"https:\/\/novocenter.novogen-layers.com\/es\/wp-json\/wp\/v2\/types\/page"}],"author":[{"embeddable":true,"href":"https:\/\/novocenter.novogen-layers.com\/es\/wp-json\/wp\/v2\/users\/1"}],"replies":[{"embeddable":true,"href":"https:\/\/novocenter.novogen-layers.com\/es\/wp-json\/wp\/v2\/comments?post=73363"}],"version-history":[{"count":2,"href":"https:\/\/novocenter.novogen-layers.com\/es\/wp-json\/wp\/v2\/pages\/73363\/revisions"}],"predecessor-version":[{"id":1079088,"href":"https:\/\/novocenter.novogen-layers.com\/es\/wp-json\/wp\/v2\/pages\/73363\/revisions\/1079088"}],"wp:attachment":[{"href":"https:\/\/novocenter.novogen-layers.com\/es\/wp-json\/wp\/v2\/media?parent=73363"}],"curies":[{"name":"wp","href":"https:\/\/api.w.org\/{rel}","templated":true}]}}