{"id":70787,"date":"2021-03-29T02:19:43","date_gmt":"2021-03-29T00:19:43","guid":{"rendered":"https:\/\/novocenter.novogen-layers.com\/inscription\/"},"modified":"2026-03-12T10:14:42","modified_gmt":"2026-03-12T09:14:42","slug":"inscription","status":"publish","type":"page","link":"https:\/\/novocenter.novogen-layers.com\/fr\/inscription\/","title":{"rendered":"Inscription"},"content":{"rendered":"<p>[et_pb_section fb_built=\u00a0\u00bb1&Prime; _builder_version=\u00a0\u00bb4.16&Prime; _module_preset=\u00a0\u00bbdefault\u00a0\u00bb background_color=\u00a0\u00bb#007ec3&Prime; custom_padding=\u00a0\u00bb0%||0px||false|false\u00a0\u00bb global_colors_info=\u00a0\u00bb{}\u00a0\u00bb][et_pb_row _builder_version=\u00a0\u00bb4.16&Prime; _module_preset=\u00a0\u00bbdefault\u00a0\u00bb background_enable_image=\u00a0\u00bboff\u00a0\u00bb background_size=\u00a0\u00bbcontain\u00a0\u00bb background_position=\u00a0\u00bbbottom_left\u00a0\u00bb custom_padding=\u00a0\u00bb50px|2%|0px|2%|false|true\u00a0\u00bb global_colors_info=\u00a0\u00bb{}\u00a0\u00bb][et_pb_column type=\u00a0\u00bb4_4&Prime; _builder_version=\u00a0\u00bb4.16&Prime; _module_preset=\u00a0\u00bbdefault\u00a0\u00bb global_colors_info=\u00a0\u00bb{}\u00a0\u00bb][et_pb_button button_url=\u00a0\u00bb@ET-DC@eyJkeW5hbWljIjp0cnVlLCJjb250ZW50IjoicG9zdF9saW5rX3VybF9wYWdlIiwic2V0dGluZ3MiOnsicG9zdF9pZCI6IjEwNzg4ODAifX0=@\u00a0\u00bb button_text=\u00a0\u00bbRetour aux services Novocenter\u00a0\u00bb button_alignment=\u00a0\u00bbcenter\u00a0\u00bb _builder_version=\u00a0\u00bb4.27.6&Prime; _dynamic_attributes=\u00a0\u00bbbutton_url\u00a0\u00bb _module_preset=\u00a0\u00bbdefault\u00a0\u00bb custom_button=\u00a0\u00bbon\u00a0\u00bb button_text_size=\u00a0\u00bb18px\u00a0\u00bb button_bg_color=\u00a0\u00bbRGBA(0,0,0,0)\u00a0\u00bb button_font=\u00a0\u00bb|700||on|||||\u00a0\u00bb button_icon=\u00a0\u00bb&#x23;||divi||400&Prime; button_icon_color=\u00a0\u00bb#ffffff\u00a0\u00bb button_icon_placement=\u00a0\u00bbleft\u00a0\u00bb button_on_hover=\u00a0\u00bboff\u00a0\u00bb custom_padding=\u00a0\u00bb|0px||0px|false|false\u00a0\u00bb hover_enabled=\u00a0\u00bb0&Prime; global_colors_info=\u00a0\u00bb{}\u00a0\u00bb sticky_enabled=\u00a0\u00bb0&Prime;][\/et_pb_button][et_pb_text _builder_version=\u00a0\u00bb4.16&Prime; _module_preset=\u00a0\u00bbdefault\u00a0\u00bb header_text_align=\u00a0\u00bbcenter\u00a0\u00bb header_text_color=\u00a0\u00bb#ffffff\u00a0\u00bb header_font_size_tablet=\u00a0\u00bb50px\u00a0\u00bb header_font_size_phone=\u00a0\u00bb40px\u00a0\u00bb header_font_size_last_edited=\u00a0\u00bbon|phone\u00a0\u00bb global_colors_info=\u00a0\u00bb{}\u00a0\u00bb]<\/p>\n<h1>Inscription<\/h1>\n<p>[\/et_pb_text][\/et_pb_column][\/et_pb_row][\/et_pb_section][et_pb_section fb_built=\u00a0\u00bb1&Prime; _builder_version=\u00a0\u00bb4.16&Prime; _module_preset=\u00a0\u00bbdefault\u00a0\u00bb background_color=\u00a0\u00bb#007ec3&Prime; background_image=\u00a0\u00bbhttps:\/\/novocenter.novogen-layers.com\/wp-content\/uploads\/\/2021\/04\/header-inscription-stylo.svg\u00a0\u00bb background_size=\u00a0\u00bbinitial\u00a0\u00bb background_position=\u00a0\u00bbtop_left\u00a0\u00bb custom_padding=\u00a0\u00bb40px||||false|false\u00a0\u00bb global_colors_info=\u00a0\u00bb{}\u00a0\u00bb][et_pb_row _builder_version=\u00a0\u00bb4.16&Prime; _module_preset=\u00a0\u00bbdefault\u00a0\u00bb background_color=\u00a0\u00bb#ffffff\u00a0\u00bb max_width=\u00a0\u00bb1000px\u00a0\u00bb custom_padding=\u00a0\u00bb50px|4%|50px|4%|false|true\u00a0\u00bb border_radii=\u00a0\u00bbon|10px|10px|10px|10px\u00a0\u00bb global_colors_info=\u00a0\u00bb{}\u00a0\u00bb][et_pb_column type=\u00a0\u00bb4_4&Prime; _builder_version=\u00a0\u00bb4.16&Prime; _module_preset=\u00a0\u00bbdefault\u00a0\u00bb global_colors_info=\u00a0\u00bb{}\u00a0\u00bb][et_pb_text _builder_version=\u00a0\u00bb4.16&Prime; _module_preset=\u00a0\u00bbdefault\u00a0\u00bb text_font=\u00a0\u00bb|700|||||||\u00a0\u00bb custom_margin=\u00a0\u00bb||40px||false|false\u00a0\u00bb custom_padding=\u00a0\u00bb||10px||false|false\u00a0\u00bb border_width_bottom=\u00a0\u00bb4px\u00a0\u00bb border_color_bottom=\u00a0\u00bb#00A6D0&Prime; border_style_bottom=\u00a0\u00bbdotted\u00a0\u00bb global_colors_info=\u00a0\u00bb{}\u00a0\u00bb]<\/p>\n<p>Ce formulaire vous permet de cr\u00e9er un compte Novocenter. Vous b\u00e9n\u00e9ficirez d&rsquo;informations exclusives et d&rsquo;alertes pour les nouveaux contenus. Veuillez remplir les champs suivants:<\/p>\n<p>[\/et_pb_text][et_pb_code _builder_version=\u00a0\u00bb4.16&Prime; _module_preset=\u00a0\u00bbdefault\u00a0\u00bb global_colors_info=\u00a0\u00bb{}\u00a0\u00bb]\n\n<div class=\"mp_wrapper\">\n  <form name=\"mepr_signup_form\" id=\"mepr_signup_form\" class=\"mepr-signup-form mepr-form\" method=\"post\" action=\"\/fr\/wp-json\/wp\/v2\/pages\/70787#mepr_jump\" enctype=\"multipart\/form-data\" novalidate>\n    <input type=\"hidden\" name=\"mepr_process_signup_form\" value=\"Y\" \/>\n    <input type=\"hidden\" name=\"mepr_product_id\" value=\"14\" \/>\n\n    \n    \n    \n          <div class=\"mp-form-row mepr_bold mepr_price\">\n                <div class=\"mepr_price_cell_label\">Prix\u00a0:<\/div>\n        <div class=\"mepr_price_cell\">\n          Gratuit        <\/div>\n      <\/div>\n    \n    \n          <div class=\"mp-form-row mepr_first_name mepr-field-required\">\n        <div class=\"mp-form-label\">\n          <label for=\"user_first_name1\">Pr\u00e9nom:*<\/label>\n          <span class=\"cc-error\">Nom (n\u00e9cessaire)<\/span>\n        <\/div>\n        <input type=\"text\" name=\"user_first_name\" id=\"user_first_name1\" class=\"mepr-form-input\" value=\"\" required \/>\n      <\/div>\n      <div class=\"mp-form-row mepr_last_name mepr-field-required\">\n        <div class=\"mp-form-label\">\n          <label for=\"user_last_name1\">Nom:*<\/label>\n          <span class=\"cc-error\">Nom (n\u00e9cessaire)<\/span>\n        <\/div>\n        <input type=\"text\" name=\"user_last_name\" id=\"user_last_name1\" class=\"mepr-form-input\" value=\"\" required \/>\n      <\/div>\n    \n    \n    \n<div class=\"mp-form-row mepr_custom_field mepr_mepr_societe mepr-field-required\">\n        <div class=\"mp-form-label\">\n      <label class=\"placeholder-text\" for=\"mepr_societe1\">\n          Soci\u00e9t\u00e9:*      <\/label>\n              <span id=\"mepr_societe_error\" class=\"cc-error\">\n          Soci\u00e9t\u00e9 is Required      <\/span>\n    <\/div>\n    <input type=\"text\" name=\"mepr_societe\" id=\"mepr_societe1\" class=\"mepr-form-input \" value=\"\" aria-describedby=\"mepr_societe_error\"  required \/>  <\/div>\n\n<div class=\"mp-form-row mepr_custom_field mepr_mepr_pays mepr-field-required\">\n        <div class=\"mp-form-label\">\n      <label class=\"placeholder-text\" for=\"mepr_pays1\">\n          Pays:*      <\/label>\n              <span id=\"mepr_pays_error\" class=\"cc-error\">\n          Pays is Required      <\/span>\n    <\/div>\n    <input type=\"text\" name=\"mepr_pays\" id=\"mepr_pays1\" class=\"mepr-form-input \" value=\"\" aria-describedby=\"mepr_pays_error\"  required \/>  <\/div>\n\n<div class=\"mp-form-row mepr_custom_field mepr_mepr_telephone\">\n        <div class=\"mp-form-label\">\n      <label class=\"placeholder-text\" for=\"mepr_telephone1\">\n          T\u00e9l\u00e9phone:      <\/label>\n              <span id=\"mepr_telephone_error\" class=\"cc-error\">\n          T\u00e9l\u00e9phone is not valid      <\/span>\n    <\/div>\n    <input type=\"text\" name=\"mepr_telephone\" id=\"mepr_telephone1\" class=\"mepr-form-input \" value=\"\" aria-describedby=\"mepr_telephone_error\"   \/>  <\/div>\n\n    \n          <input type=\"hidden\" class=\"mepr-geo-country\" name=\"mepr-geo-country\" value=\"\" \/>\n\n              <div class=\"mp-form-row mepr_email mepr-field-required\">\n        <div class=\"mp-form-label\">\n          <label for=\"user_email1\">E-mail\u00a0:<\/label>\n          <span class=\"cc-error\">Adresse de messagerie non valide<\/span>\n        <\/div>\n        <input type=\"email\" name=\"user_email\" id=\"user_email1\" class=\"mepr-form-input\" value=\"\" required \/>\n      <\/div>\n      <div class=\"mp-form-row mepr_email_stripe mepr-field-required mepr-hidden\">\n      <\/div>\n                                <div class=\"mp-form-row mepr_password mepr-field-required\">\n          <div class=\"mp-form-label\">\n            <label for=\"mepr_user_password1\">Mot de passe:*<\/label>\n            <span class=\"cc-error\">Invalid Password<\/span>\n          <\/div>\n          <div class=\"mp-hide-pw\">\n            <input type=\"password\" name=\"mepr_user_password\" id=\"mepr_user_password1\" class=\"mepr-form-input mepr-password\" value=\"\" required \/>\n            <button type=\"button\" class=\"button mp-hide-pw hide-if-no-js\" data-toggle=\"0\" aria-label=\"Mot de passe\">\n              <span class=\"dashicons dashicons-visibility\" aria-hidden=\"true\"><\/span>\n            <\/button>\n          <\/div>\n          <\/div>\n        <div class=\"mp-form-row mepr_password_confirm mepr-field-required\">\n          <div class=\"mp-form-label\">\n            <label for=\"mepr_user_password_confirm1\">Confirmation du mot de passe:*<\/label>\n            <span class=\"cc-error\">Password Confirmation Doesn&#039;t Match<\/span>\n          <\/div>\n          <div class=\"mp-hide-pw\">\n            <input type=\"password\" name=\"mepr_user_password_confirm\" id=\"mepr_user_password_confirm1\" class=\"mepr-form-input mepr-password-confirm\" value=\"\" required \/>\n            <button type=\"button\" class=\"button mp-hide-pw hide-if-no-js\" data-toggle=\"0\" aria-label=\"Mot de passe\">\n              <span class=\"dashicons dashicons-visibility\" aria-hidden=\"true\"><\/span>\n            <\/button>\n          <\/div>\n        <\/div>\n                                    \n        \n    \n          <input type=\"hidden\" name=\"mepr_coupon_code\" value=\"\" \/>\n    \n    \n          <div class=\"mp-form-row\">\n        <label for=\"mepr_agree_to_privacy_policy1\" class=\"mepr-checkbox-field mepr-form-input\" required>\n          <input type=\"checkbox\" name=\"mepr_agree_to_privacy_policy\" id=\"mepr_agree_to_privacy_policy1\" \/>\n          En soumettant ce formulaire, j'accepte que les informations saisies soient utilis\u00e9es par Novogen, responsable du traitement, pour les besoins du traitement de ma demande. Vous pouvez exercer vos droits d'acc\u00e8s, de rectification, d'effacement, de limitation, d'opposition et de portabilit\u00e9 si n\u00e9cessaire. Pour plus d'informations, consultez notre <a href=\"https:\/\/novocenter.novogen-layers.com\/fr\/mentions-legales\/\">politique de confidentialit\u00e9<\/a>En soumettant ce formulaire, j'accepte que les informations saisies soient utilis\u00e9es par Novogen, responsable du traitement, pour les besoins du traitement de ma demande. Vous pouvez exercer vos droits d'acc\u00e8s, de rectification, d'effacement, de limitation, d'opposition et de portabilit\u00e9 si n\u00e9cessaire. Pour plus d'informations, consultez notre <a href=\"https:\/\/novocenter.novogen-layers.com\/fr\/mentions-legales\/\">politique de confidentialit\u00e9<\/a>        <\/label>\n      <\/div>\n    \n        \n    <div class=\"mepr_spacer\">&nbsp;<\/div>\n\n    <div class=\"mp-form-submit\">\n            <label for=\"mepr_no_val\" class=\"mepr-visuallyhidden\">No val<\/label>\n      <input type=\"text\" id=\"mepr_no_val\" name=\"mepr_no_val\" class=\"mepr-form-input mepr-visuallyhidden mepr_no_val mepr-hidden\" autocomplete=\"off\" \/>\n\n              <input type=\"submit\" class=\"mepr-submit\" value=\"S&#039;inscrire\" \/>\n            <img decoding=\"async\" src=\"https:\/\/novocenter.novogen-layers.com\/wp-admin\/images\/loading.gif\" alt=\"Loading...\" style=\"display: none;\" class=\"mepr-loading-gif\" title=\"Loading icon\" \/>\n      <span class=\"mepr-form-has-errors\">Merci de corriger les erreurs ci-dessus<\/span>\n\n    <\/div>\n  <\/form>\n<\/div>\n[\/et_pb_code][\/et_pb_column][\/et_pb_row][\/et_pb_section]<\/p>\n","protected":false},"excerpt":{"rendered":"<p>InscriptionCe formulaire vous permet de cr\u00e9er un compte Novocenter. Vous b\u00e9n\u00e9ficirez d&rsquo;informations exclusives et d&rsquo;alertes pour les nouveaux contenus. Veuillez remplir les champs suivants:\n\n<div class=\"mp_wrapper\">\n  <form name=\"mepr_signup_form\" id=\"mepr_signup_form\" class=\"mepr-signup-form mepr-form\" method=\"post\" action=\"\/fr\/wp-json\/wp\/v2\/pages\/70787#mepr_jump\" enctype=\"multipart\/form-data\" novalidate>\n    <input type=\"hidden\" name=\"mepr_process_signup_form\" value=\"Y\" \/>\n    <input type=\"hidden\" name=\"mepr_product_id\" value=\"14\" \/>\n\n    \n    \n    \n          <div class=\"mp-form-row mepr_bold mepr_price\">\n                <div class=\"mepr_price_cell_label\">Prix\u00a0:<\/div>\n        <div class=\"mepr_price_cell\">\n          Gratuit        <\/div>\n      <\/div>\n    \n    \n          <div class=\"mp-form-row mepr_first_name mepr-field-required\">\n        <div class=\"mp-form-label\">\n          <label for=\"user_first_name2\">Pr\u00e9nom:*<\/label>\n          <span class=\"cc-error\">Nom (n\u00e9cessaire)<\/span>\n        <\/div>\n        <input type=\"text\" name=\"user_first_name\" id=\"user_first_name2\" class=\"mepr-form-input\" value=\"\" required \/>\n      <\/div>\n      <div class=\"mp-form-row mepr_last_name mepr-field-required\">\n        <div class=\"mp-form-label\">\n          <label for=\"user_last_name2\">Nom:*<\/label>\n          <span class=\"cc-error\">Nom (n\u00e9cessaire)<\/span>\n        <\/div>\n        <input type=\"text\" name=\"user_last_name\" id=\"user_last_name2\" class=\"mepr-form-input\" value=\"\" required \/>\n      <\/div>\n    \n    \n    \n<div class=\"mp-form-row mepr_custom_field mepr_mepr_societe mepr-field-required\">\n        <div class=\"mp-form-label\">\n      <label class=\"placeholder-text\" for=\"mepr_societe2\">\n          Soci\u00e9t\u00e9:*      <\/label>\n              <span id=\"mepr_societe_error\" class=\"cc-error\">\n          Soci\u00e9t\u00e9 is Required      <\/span>\n    <\/div>\n    <input type=\"text\" name=\"mepr_societe\" id=\"mepr_societe2\" class=\"mepr-form-input \" value=\"\" aria-describedby=\"mepr_societe_error\"  required \/>  <\/div>\n\n<div class=\"mp-form-row mepr_custom_field mepr_mepr_pays mepr-field-required\">\n        <div class=\"mp-form-label\">\n      <label class=\"placeholder-text\" for=\"mepr_pays2\">\n          Pays:*      <\/label>\n              <span id=\"mepr_pays_error\" class=\"cc-error\">\n          Pays is Required      <\/span>\n    <\/div>\n    <input type=\"text\" name=\"mepr_pays\" id=\"mepr_pays2\" class=\"mepr-form-input \" value=\"\" aria-describedby=\"mepr_pays_error\"  required \/>  <\/div>\n\n<div class=\"mp-form-row mepr_custom_field mepr_mepr_telephone\">\n        <div class=\"mp-form-label\">\n      <label class=\"placeholder-text\" for=\"mepr_telephone2\">\n          T\u00e9l\u00e9phone:      <\/label>\n              <span id=\"mepr_telephone_error\" class=\"cc-error\">\n          T\u00e9l\u00e9phone is not valid      <\/span>\n    <\/div>\n    <input type=\"text\" name=\"mepr_telephone\" id=\"mepr_telephone2\" class=\"mepr-form-input \" value=\"\" aria-describedby=\"mepr_telephone_error\"   \/>  <\/div>\n\n    \n          <input type=\"hidden\" class=\"mepr-geo-country\" name=\"mepr-geo-country\" value=\"\" \/>\n\n              <div class=\"mp-form-row mepr_email mepr-field-required\">\n        <div class=\"mp-form-label\">\n          <label for=\"user_email2\">E-mail\u00a0:<\/label>\n          <span class=\"cc-error\">Adresse de messagerie non valide<\/span>\n        <\/div>\n        <input type=\"email\" name=\"user_email\" id=\"user_email2\" class=\"mepr-form-input\" value=\"\" required \/>\n      <\/div>\n      <div class=\"mp-form-row mepr_email_stripe mepr-field-required mepr-hidden\">\n      <\/div>\n                                <div class=\"mp-form-row mepr_password mepr-field-required\">\n          <div class=\"mp-form-label\">\n            <label for=\"mepr_user_password2\">Mot de passe:*<\/label>\n            <span class=\"cc-error\">Invalid Password<\/span>\n          <\/div>\n          <div class=\"mp-hide-pw\">\n            <input type=\"password\" name=\"mepr_user_password\" id=\"mepr_user_password2\" class=\"mepr-form-input mepr-password\" value=\"\" required \/>\n            <button type=\"button\" class=\"button mp-hide-pw hide-if-no-js\" data-toggle=\"0\" aria-label=\"Mot de passe\">\n              <span class=\"dashicons dashicons-visibility\" aria-hidden=\"true\"><\/span>\n            <\/button>\n          <\/div>\n          <\/div>\n        <div class=\"mp-form-row mepr_password_confirm mepr-field-required\">\n          <div class=\"mp-form-label\">\n            <label for=\"mepr_user_password_confirm2\">Confirmation du mot de passe:*<\/label>\n            <span class=\"cc-error\">Password Confirmation Doesn&#039;t Match<\/span>\n          <\/div>\n          <div class=\"mp-hide-pw\">\n            <input type=\"password\" name=\"mepr_user_password_confirm\" id=\"mepr_user_password_confirm2\" class=\"mepr-form-input mepr-password-confirm\" value=\"\" required \/>\n            <button type=\"button\" class=\"button mp-hide-pw hide-if-no-js\" data-toggle=\"0\" aria-label=\"Mot de passe\">\n              <span class=\"dashicons dashicons-visibility\" aria-hidden=\"true\"><\/span>\n            <\/button>\n          <\/div>\n        <\/div>\n                                    \n        \n    \n          <input type=\"hidden\" name=\"mepr_coupon_code\" value=\"\" \/>\n    \n    \n          <div class=\"mp-form-row\">\n        <label for=\"mepr_agree_to_privacy_policy2\" class=\"mepr-checkbox-field mepr-form-input\" required>\n          <input type=\"checkbox\" name=\"mepr_agree_to_privacy_policy\" id=\"mepr_agree_to_privacy_policy2\" \/>\n          En soumettant ce formulaire, j'accepte que les informations saisies soient utilis\u00e9es par Novogen, responsable du traitement, pour les besoins du traitement de ma demande. Vous pouvez exercer vos droits d'acc\u00e8s, de rectification, d'effacement, de limitation, d'opposition et de portabilit\u00e9 si n\u00e9cessaire. Pour plus d'informations, consultez notre <a href=\"https:\/\/novocenter.novogen-layers.com\/fr\/mentions-legales\/\">politique de confidentialit\u00e9<\/a>En soumettant ce formulaire, j'accepte que les informations saisies soient utilis\u00e9es par Novogen, responsable du traitement, pour les besoins du traitement de ma demande. Vous pouvez exercer vos droits d'acc\u00e8s, de rectification, d'effacement, de limitation, d'opposition et de portabilit\u00e9 si n\u00e9cessaire. Pour plus d'informations, consultez notre <a href=\"https:\/\/novocenter.novogen-layers.com\/fr\/mentions-legales\/\">politique de confidentialit\u00e9<\/a>        <\/label>\n      <\/div>\n    \n        \n    <div class=\"mepr_spacer\">&nbsp;<\/div>\n\n    <div class=\"mp-form-submit\">\n            <label for=\"mepr_no_val\" class=\"mepr-visuallyhidden\">No val<\/label>\n      <input type=\"text\" id=\"mepr_no_val\" name=\"mepr_no_val\" class=\"mepr-form-input mepr-visuallyhidden mepr_no_val mepr-hidden\" autocomplete=\"off\" \/>\n\n              <input type=\"submit\" class=\"mepr-submit\" value=\"S&#039;inscrire\" \/>\n            <img decoding=\"async\" src=\"https:\/\/novocenter.novogen-layers.com\/wp-admin\/images\/loading.gif\" alt=\"Loading...\" style=\"display: none;\" class=\"mepr-loading-gif\" title=\"Loading icon\" \/>\n      <span class=\"mepr-form-has-errors\">Merci de corriger les erreurs ci-dessus<\/span>\n\n    <\/div>\n  <\/form>\n<\/div>\n<\/p>\n","protected":false},"author":1,"featured_media":0,"parent":0,"menu_order":0,"comment_status":"closed","ping_status":"closed","template":"","meta":{"_et_pb_use_builder":"on","_et_pb_old_content":"","_et_gb_content_width":"","footnotes":""},"class_list":["post-70787","page","type-page","status-publish","hentry"],"yoast_head":"<!-- This site is optimized with the Yoast SEO plugin v27.0 - https:\/\/yoast.com\/product\/yoast-seo-wordpress\/ -->\n<title>Inscription - Novocenter<\/title>\n<meta name=\"robots\" content=\"index, follow, max-snippet:-1, max-image-preview:large, max-video-preview:-1\" \/>\n<link rel=\"canonical\" href=\"https:\/\/novocenter.novogen-layers.com\/inscription\/\" \/>\n<meta property=\"og:locale\" content=\"fr_FR\" \/>\n<meta property=\"og:type\" content=\"article\" \/>\n<meta property=\"og:title\" content=\"Inscription - Novocenter\" \/>\n<meta property=\"og:description\" content=\"InscriptionCe formulaire vous permet de cr\u00e9er un compte Novocenter. Vous b\u00e9n\u00e9ficirez d&#039;informations exclusives et d&#039;alertes pour les nouveaux contenus. Veuillez remplir les champs suivants:\" \/>\n<meta property=\"og:url\" content=\"https:\/\/novocenter.novogen-layers.com\/inscription\/\" \/>\n<meta property=\"og:site_name\" content=\"Novocenter\" \/>\n<meta property=\"article:modified_time\" content=\"2026-03-12T09:14:42+00:00\" \/>\n<meta name=\"twitter:card\" content=\"summary_large_image\" \/>\n<meta name=\"twitter:label1\" content=\"Dur\u00e9e de lecture estim\u00e9e\" \/>\n\t<meta name=\"twitter:data1\" content=\"1 minute\" \/>\n<script type=\"application\/ld+json\" class=\"yoast-schema-graph\">{\"@context\":\"https:\/\/schema.org\",\"@graph\":[{\"@type\":\"WebPage\",\"@id\":\"https:\/\/novocenter.novogen-layers.com\/inscription\/\",\"url\":\"https:\/\/novocenter.novogen-layers.com\/inscription\/\",\"name\":\"Inscription - Novocenter\",\"isPartOf\":{\"@id\":\"https:\/\/novocenter.novogen-layers.com\/#website\"},\"datePublished\":\"2021-03-29T00:19:43+00:00\",\"dateModified\":\"2026-03-12T09:14:42+00:00\",\"breadcrumb\":{\"@id\":\"https:\/\/novocenter.novogen-layers.com\/inscription\/#breadcrumb\"},\"inLanguage\":\"fr-FR\",\"potentialAction\":[{\"@type\":\"ReadAction\",\"target\":[\"https:\/\/novocenter.novogen-layers.com\/inscription\/\"]}]},{\"@type\":\"BreadcrumbList\",\"@id\":\"https:\/\/novocenter.novogen-layers.com\/inscription\/#breadcrumb\",\"itemListElement\":[{\"@type\":\"ListItem\",\"position\":1,\"name\":\"Accueil\",\"item\":\"https:\/\/novocenter.novogen-layers.com\/fr\/\"},{\"@type\":\"ListItem\",\"position\":2,\"name\":\"Inscription\"}]},{\"@type\":\"WebSite\",\"@id\":\"https:\/\/novocenter.novogen-layers.com\/#website\",\"url\":\"https:\/\/novocenter.novogen-layers.com\/\",\"name\":\"Novocenter\",\"description\":\"Un site utilisant WordPress\",\"publisher\":{\"@id\":\"https:\/\/novocenter.novogen-layers.com\/#organization\"},\"potentialAction\":[{\"@type\":\"SearchAction\",\"target\":{\"@type\":\"EntryPoint\",\"urlTemplate\":\"https:\/\/novocenter.novogen-layers.com\/?s={search_term_string}\"},\"query-input\":{\"@type\":\"PropertyValueSpecification\",\"valueRequired\":true,\"valueName\":\"search_term_string\"}}],\"inLanguage\":\"fr-FR\"},{\"@type\":\"Organization\",\"@id\":\"https:\/\/novocenter.novogen-layers.com\/#organization\",\"name\":\"Novogen Layers\",\"url\":\"https:\/\/novocenter.novogen-layers.com\/\",\"logo\":{\"@type\":\"ImageObject\",\"inLanguage\":\"fr-FR\",\"@id\":\"https:\/\/novocenter.novogen-layers.com\/#\/schema\/logo\/image\/\",\"url\":\"https:\/\/novocenter.novogen-layers.com\/wp-content\/uploads\/2022\/01\/logo-couleur-hor-novogen-notagline.svg\",\"contentUrl\":\"https:\/\/novocenter.novogen-layers.com\/wp-content\/uploads\/2022\/01\/logo-couleur-hor-novogen-notagline.svg\",\"width\":357,\"height\":104,\"caption\":\"Novogen Layers\"},\"image\":{\"@id\":\"https:\/\/novocenter.novogen-layers.com\/#\/schema\/logo\/image\/\"}}]}<\/script>\n<!-- \/ Yoast SEO plugin. -->","yoast_head_json":{"title":"Inscription - Novocenter","robots":{"index":"index","follow":"follow","max-snippet":"max-snippet:-1","max-image-preview":"max-image-preview:large","max-video-preview":"max-video-preview:-1"},"canonical":"https:\/\/novocenter.novogen-layers.com\/inscription\/","og_locale":"fr_FR","og_type":"article","og_title":"Inscription - Novocenter","og_description":"InscriptionCe formulaire vous permet de cr\u00e9er un compte Novocenter. Vous b\u00e9n\u00e9ficirez d'informations exclusives et d'alertes pour les nouveaux contenus. Veuillez remplir les champs suivants:","og_url":"https:\/\/novocenter.novogen-layers.com\/inscription\/","og_site_name":"Novocenter","article_modified_time":"2026-03-12T09:14:42+00:00","twitter_card":"summary_large_image","twitter_misc":{"Dur\u00e9e de lecture estim\u00e9e":"1 minute"},"schema":{"@context":"https:\/\/schema.org","@graph":[{"@type":"WebPage","@id":"https:\/\/novocenter.novogen-layers.com\/inscription\/","url":"https:\/\/novocenter.novogen-layers.com\/inscription\/","name":"Inscription - Novocenter","isPartOf":{"@id":"https:\/\/novocenter.novogen-layers.com\/#website"},"datePublished":"2021-03-29T00:19:43+00:00","dateModified":"2026-03-12T09:14:42+00:00","breadcrumb":{"@id":"https:\/\/novocenter.novogen-layers.com\/inscription\/#breadcrumb"},"inLanguage":"fr-FR","potentialAction":[{"@type":"ReadAction","target":["https:\/\/novocenter.novogen-layers.com\/inscription\/"]}]},{"@type":"BreadcrumbList","@id":"https:\/\/novocenter.novogen-layers.com\/inscription\/#breadcrumb","itemListElement":[{"@type":"ListItem","position":1,"name":"Accueil","item":"https:\/\/novocenter.novogen-layers.com\/fr\/"},{"@type":"ListItem","position":2,"name":"Inscription"}]},{"@type":"WebSite","@id":"https:\/\/novocenter.novogen-layers.com\/#website","url":"https:\/\/novocenter.novogen-layers.com\/","name":"Novocenter","description":"Un site utilisant WordPress","publisher":{"@id":"https:\/\/novocenter.novogen-layers.com\/#organization"},"potentialAction":[{"@type":"SearchAction","target":{"@type":"EntryPoint","urlTemplate":"https:\/\/novocenter.novogen-layers.com\/?s={search_term_string}"},"query-input":{"@type":"PropertyValueSpecification","valueRequired":true,"valueName":"search_term_string"}}],"inLanguage":"fr-FR"},{"@type":"Organization","@id":"https:\/\/novocenter.novogen-layers.com\/#organization","name":"Novogen Layers","url":"https:\/\/novocenter.novogen-layers.com\/","logo":{"@type":"ImageObject","inLanguage":"fr-FR","@id":"https:\/\/novocenter.novogen-layers.com\/#\/schema\/logo\/image\/","url":"https:\/\/novocenter.novogen-layers.com\/wp-content\/uploads\/2022\/01\/logo-couleur-hor-novogen-notagline.svg","contentUrl":"https:\/\/novocenter.novogen-layers.com\/wp-content\/uploads\/2022\/01\/logo-couleur-hor-novogen-notagline.svg","width":357,"height":104,"caption":"Novogen Layers"},"image":{"@id":"https:\/\/novocenter.novogen-layers.com\/#\/schema\/logo\/image\/"}}]}},"_links":{"self":[{"href":"https:\/\/novocenter.novogen-layers.com\/fr\/wp-json\/wp\/v2\/pages\/70787","targetHints":{"allow":["GET"]}}],"collection":[{"href":"https:\/\/novocenter.novogen-layers.com\/fr\/wp-json\/wp\/v2\/pages"}],"about":[{"href":"https:\/\/novocenter.novogen-layers.com\/fr\/wp-json\/wp\/v2\/types\/page"}],"author":[{"embeddable":true,"href":"https:\/\/novocenter.novogen-layers.com\/fr\/wp-json\/wp\/v2\/users\/1"}],"replies":[{"embeddable":true,"href":"https:\/\/novocenter.novogen-layers.com\/fr\/wp-json\/wp\/v2\/comments?post=70787"}],"version-history":[{"count":2,"href":"https:\/\/novocenter.novogen-layers.com\/fr\/wp-json\/wp\/v2\/pages\/70787\/revisions"}],"predecessor-version":[{"id":1079077,"href":"https:\/\/novocenter.novogen-layers.com\/fr\/wp-json\/wp\/v2\/pages\/70787\/revisions\/1079077"}],"wp:attachment":[{"href":"https:\/\/novocenter.novogen-layers.com\/fr\/wp-json\/wp\/v2\/media?parent=70787"}],"curies":[{"name":"wp","href":"https:\/\/api.w.org\/{rel}","templated":true}]}}