{"id":75341,"date":"2021-03-29T02:19:43","date_gmt":"2021-03-29T00:19:43","guid":{"rendered":"https:\/\/novocenter.novogen-layers.com\/inscription\/"},"modified":"2026-03-13T15:12:07","modified_gmt":"2026-03-13T14:12:07","slug":"inscricao","status":"publish","type":"page","link":"https:\/\/novocenter.novogen-layers.com\/pt-br\/inscricao\/","title":{"rendered":"Inscri\u00e7\u00e3o"},"content":{"rendered":"<p>[et_pb_section fb_built=&#8221;1&#8243; _builder_version=&#8221;4.16&#8243; _module_preset=&#8221;default&#8221; background_color=&#8221;#007ec3&#8243; custom_padding=&#8221;0%||0px||false|false&#8221; global_colors_info=&#8221;{}&#8221;][et_pb_row _builder_version=&#8221;4.16&#8243; _module_preset=&#8221;default&#8221; background_enable_image=&#8221;off&#8221; background_size=&#8221;contain&#8221; background_position=&#8221;bottom_left&#8221; custom_padding=&#8221;50px|2%|0px|2%|false|true&#8221; global_colors_info=&#8221;{}&#8221;][et_pb_column type=&#8221;4_4&#8243; _builder_version=&#8221;4.16&#8243; _module_preset=&#8221;default&#8221; global_colors_info=&#8221;{}&#8221;][et_pb_button button_url=&#8221;@ET-DC@eyJkeW5hbWljIjp0cnVlLCJjb250ZW50IjoicG9zdF9saW5rX3VybF9wYWdlIiwic2V0dGluZ3MiOnsicG9zdF9pZCI6IjEwNzg0OTUifX0=@&#8221; button_text=&#8221;Voltar para os servi\u00e7os da Novocenter&#8221; button_alignment=&#8221;center&#8221; _builder_version=&#8221;4.27.6&#8243; _dynamic_attributes=&#8221;button_url&#8221; _module_preset=&#8221;default&#8221; custom_button=&#8221;on&#8221; button_text_size=&#8221;18px&#8221; button_bg_color=&#8221;RGBA(0,0,0,0)&#8221; button_font=&#8221;|700||on|||||&#8221; button_icon=&#8221;&#x23;||divi||400&#8243; button_icon_color=&#8221;#ffffff&#8221; button_icon_placement=&#8221;left&#8221; button_on_hover=&#8221;off&#8221; custom_padding=&#8221;|0px||0px|false|false&#8221; hover_enabled=&#8221;0&#8243; global_colors_info=&#8221;{}&#8221; sticky_enabled=&#8221;0&#8243;][\/et_pb_button][et_pb_text _builder_version=&#8221;4.24.1&#8243; _module_preset=&#8221;default&#8221; header_text_align=&#8221;center&#8221; header_text_color=&#8221;#ffffff&#8221; header_font_size_tablet=&#8221;50px&#8221; header_font_size_phone=&#8221;40px&#8221; header_font_size_last_edited=&#8221;on|phone&#8221; global_colors_info=&#8221;{}&#8221;]<\/p>\n<h1>Inscri\u00e7\u00e3o<\/h1>\n<p>[\/et_pb_text][\/et_pb_column][\/et_pb_row][\/et_pb_section][et_pb_section fb_built=&#8221;1&#8243; _builder_version=&#8221;4.16&#8243; _module_preset=&#8221;default&#8221; background_color=&#8221;#007ec3&#8243; background_image=&#8221;https:\/\/novocenter.novogen-layers.com\/wp-content\/uploads\/2021\/04\/header-inscription-stylo.svg&#8221; background_size=&#8221;initial&#8221; background_position=&#8221;top_left&#8221; custom_padding=&#8221;40px||||false|false&#8221; global_colors_info=&#8221;{}&#8221;][et_pb_row _builder_version=&#8221;4.16&#8243; _module_preset=&#8221;default&#8221; background_color=&#8221;#ffffff&#8221; max_width=&#8221;1000px&#8221; custom_padding=&#8221;50px|4%|50px|4%|false|true&#8221; border_radii=&#8221;on|10px|10px|10px|10px&#8221; global_colors_info=&#8221;{}&#8221;][et_pb_column type=&#8221;4_4&#8243; _builder_version=&#8221;4.16&#8243; _module_preset=&#8221;default&#8221; global_colors_info=&#8221;{}&#8221;][et_pb_text _builder_version=&#8221;4.24.1&#8243; _module_preset=&#8221;default&#8221; text_font=&#8221;|700|||||||&#8221; custom_margin=&#8221;||40px||false|false&#8221; custom_padding=&#8221;||10px||false|false&#8221; border_width_bottom=&#8221;4px&#8221; border_color_bottom=&#8221;#00A6D0&#8243; border_style_bottom=&#8221;dotted&#8221; global_colors_info=&#8221;{}&#8221;]<\/p>\n<p>Use este formul\u00e1rio para criar uma conta no Novocenter. Voc\u00ea se beneficiar\u00e1 de informa\u00e7\u00f5es exclusivas e alertas de novos conte\u00fados. Preencha os campos a seguir:<\/p>\n<p>[\/et_pb_text][et_pb_code _builder_version=&#8221;4.24.1&#8243; _module_preset=&#8221;default&#8221; global_colors_info=&#8221;{}&#8221;]\n\n<div class=\"mp_wrapper\">\n  <form name=\"mepr_signup_form\" id=\"mepr_signup_form\" class=\"mepr-signup-form mepr-form\" method=\"post\" action=\"\/pt-br\/wp-json\/wp\/v2\/pages\/75341#mepr_jump\" enctype=\"multipart\/form-data\" novalidate>\n    <input type=\"hidden\" name=\"mepr_process_signup_form\" value=\"Y\" \/>\n    <input type=\"hidden\" name=\"mepr_product_id\" value=\"75354\" \/>\n\n    \n    \n    \n          <div class=\"mp-form-row mepr_bold mepr_price\">\n                <div class=\"mepr_price_cell_label\">Price:<\/div>\n        <div class=\"mepr_price_cell\">\n          Free        <\/div>\n      <\/div>\n    \n    \n          <div class=\"mp-form-row mepr_first_name mepr-field-required\">\n        <div class=\"mp-form-label\">\n          <label for=\"user_first_name1\">Primeiro nome:*<\/label>\n          <span class=\"cc-error\">Primeiro nome obrigat\u00f3rio<\/span>\n        <\/div>\n        <input type=\"text\" name=\"user_first_name\" id=\"user_first_name1\" class=\"mepr-form-input\" value=\"\" required \/>\n      <\/div>\n      <div class=\"mp-form-row mepr_last_name mepr-field-required\">\n        <div class=\"mp-form-label\">\n          <label for=\"user_last_name1\">Sobrenome:*<\/label>\n          <span class=\"cc-error\">Sobrenome obrigat\u00f3rio<\/span>\n        <\/div>\n        <input type=\"text\" name=\"user_last_name\" id=\"user_last_name1\" class=\"mepr-form-input\" value=\"\" required \/>\n      <\/div>\n    \n    \n    \n<div class=\"mp-form-row mepr_custom_field mepr_mepr_empresa-1 mepr-field-required\">\n        <div class=\"mp-form-label\">\n      <label class=\"placeholder-text\" for=\"mepr_empresa-11\">\n          Empresa:*      <\/label>\n              <span id=\"mepr_empresa-1_error\" class=\"cc-error\">\n          Empresa is Required      <\/span>\n    <\/div>\n    <input type=\"text\" name=\"mepr_empresa-1\" id=\"mepr_empresa-11\" class=\"mepr-form-input \" value=\"\" aria-describedby=\"mepr_empresa-1_error\"  required \/>  <\/div>\n\n<div class=\"mp-form-row mepr_custom_field mepr_mepr_pais-1 mepr-field-required\">\n        <div class=\"mp-form-label\">\n      <label class=\"placeholder-text\" for=\"mepr_pais-11\">\n          Pa\u00eds:*      <\/label>\n              <span id=\"mepr_pais-1_error\" class=\"cc-error\">\n          Pa\u00eds is Required      <\/span>\n    <\/div>\n    <input type=\"text\" name=\"mepr_pais-1\" id=\"mepr_pais-11\" class=\"mepr-form-input \" value=\"\" aria-describedby=\"mepr_pais-1_error\"  required \/>  <\/div>\n\n<div class=\"mp-form-row mepr_custom_field mepr_mepr_telefone\">\n        <div class=\"mp-form-label\">\n      <label class=\"placeholder-text\" for=\"mepr_telefone1\">\n          Telefone:      <\/label>\n              <span id=\"mepr_telefone_error\" class=\"cc-error\">\n          Telefone is not valid      <\/span>\n    <\/div>\n    <input type=\"text\" name=\"mepr_telefone\" id=\"mepr_telefone1\" class=\"mepr-form-input \" value=\"\" aria-describedby=\"mepr_telefone_error\"   \/>  <\/div>\n\n    \n          <input type=\"hidden\" class=\"mepr-geo-country\" name=\"mepr-geo-country\" value=\"\" \/>\n\n              <div class=\"mp-form-row mepr_email mepr-field-required\">\n        <div class=\"mp-form-label\">\n          <label for=\"user_email1\">Email:*<\/label>\n          <span class=\"cc-error\">Invalid Email<\/span>\n        <\/div>\n        <input type=\"email\" name=\"user_email\" id=\"user_email1\" class=\"mepr-form-input\" value=\"\" required \/>\n      <\/div>\n      <div class=\"mp-form-row mepr_email_stripe mepr-field-required mepr-hidden\">\n      <\/div>\n                                <div class=\"mp-form-row mepr_password mepr-field-required\">\n          <div class=\"mp-form-label\">\n            <label for=\"mepr_user_password1\">Senha:*<\/label>\n            <span class=\"cc-error\">Invalid Password<\/span>\n          <\/div>\n          <div class=\"mp-hide-pw\">\n            <input type=\"password\" name=\"mepr_user_password\" id=\"mepr_user_password1\" class=\"mepr-form-input mepr-password\" value=\"\" required \/>\n            <button type=\"button\" class=\"button mp-hide-pw hide-if-no-js\" data-toggle=\"0\" aria-label=\"Show password\">\n              <span class=\"dashicons dashicons-visibility\" aria-hidden=\"true\"><\/span>\n            <\/button>\n          <\/div>\n          <\/div>\n        <div class=\"mp-form-row mepr_password_confirm mepr-field-required\">\n          <div class=\"mp-form-label\">\n            <label for=\"mepr_user_password_confirm1\">Confirma\u00e7\u00e3o de senha:*<\/label>\n            <span class=\"cc-error\">Password Confirmation Doesn&#039;t Match<\/span>\n          <\/div>\n          <div class=\"mp-hide-pw\">\n            <input type=\"password\" name=\"mepr_user_password_confirm\" id=\"mepr_user_password_confirm1\" class=\"mepr-form-input mepr-password-confirm\" value=\"\" required \/>\n            <button type=\"button\" class=\"button mp-hide-pw hide-if-no-js\" data-toggle=\"0\" aria-label=\"Show password\">\n              <span class=\"dashicons dashicons-visibility\" aria-hidden=\"true\"><\/span>\n            <\/button>\n          <\/div>\n        <\/div>\n                                    \n        \n    \n          <input type=\"hidden\" name=\"mepr_coupon_code\" value=\"\" \/>\n    \n    \n          <div class=\"mp-form-row\">\n        <label for=\"mepr_agree_to_privacy_policy1\" class=\"mepr-checkbox-field mepr-form-input\" required>\n          <input type=\"checkbox\" name=\"mepr_agree_to_privacy_policy\" id=\"mepr_agree_to_privacy_policy1\" \/>\n          Ao enviar este formul\u00e1rio, concordo que as informa\u00e7\u00f5es inseridas ser\u00e3o usadas pela Novogen, Controladora de Dados, para fins de processamento da minha solicita\u00e7\u00e3o. Voc\u00ea pode exercer seus direitos de acesso, retifica\u00e7\u00e3o, exclus\u00e3o, limita\u00e7\u00e3o, oposi\u00e7\u00e3o e portabilidade, se aplic\u00e1vel. Para obter mais informa\u00e7\u00f5es, consulte nossa <a href=\"https:\/\/novocenter.novogen-layers.com\/privacy-policy\/\" target=\"_blank\">Pol\u00edtica de privacidade<\/a>.        <\/label>\n      <\/div>\n    \n        \n    <div class=\"mepr_spacer\">&nbsp;<\/div>\n\n    <div class=\"mp-form-submit\">\n            <label for=\"mepr_no_val\" class=\"mepr-visuallyhidden\">No val<\/label>\n      <input type=\"text\" id=\"mepr_no_val\" name=\"mepr_no_val\" class=\"mepr-form-input mepr-visuallyhidden mepr_no_val mepr-hidden\" autocomplete=\"off\" \/>\n\n              <input type=\"submit\" class=\"mepr-submit\" value=\"Registrar-se\" \/>\n            <img decoding=\"async\" src=\"https:\/\/novocenter.novogen-layers.com\/wp-admin\/images\/loading.gif\" alt=\"Loading...\" style=\"display: none;\" class=\"mepr-loading-gif\" title=\"Loading icon\" \/>\n      <span class=\"mepr-form-has-errors\">Corrija os erros acima<\/span>\n\n    <\/div>\n  <\/form>\n<\/div>\n[\/et_pb_code][\/et_pb_column][\/et_pb_row][\/et_pb_section]<\/p>\n","protected":false},"excerpt":{"rendered":"<p>Inscri\u00e7\u00e3oUse este formul\u00e1rio para criar uma conta no Novocenter. Voc\u00ea se beneficiar\u00e1 de informa\u00e7\u00f5es exclusivas e alertas de novos conte\u00fados. Preencha os campos a seguir:\n\n<div class=\"mp_wrapper\">\n  <form name=\"mepr_signup_form\" id=\"mepr_signup_form\" class=\"mepr-signup-form mepr-form\" method=\"post\" action=\"\/pt-br\/wp-json\/wp\/v2\/pages\/75341#mepr_jump\" enctype=\"multipart\/form-data\" novalidate>\n    <input type=\"hidden\" name=\"mepr_process_signup_form\" value=\"Y\" \/>\n    <input type=\"hidden\" name=\"mepr_product_id\" value=\"75354\" \/>\n\n    \n    \n    \n          <div class=\"mp-form-row mepr_bold mepr_price\">\n                <div class=\"mepr_price_cell_label\">Price:<\/div>\n        <div class=\"mepr_price_cell\">\n          Free        <\/div>\n      <\/div>\n    \n    \n          <div class=\"mp-form-row mepr_first_name mepr-field-required\">\n        <div class=\"mp-form-label\">\n          <label for=\"user_first_name2\">Primeiro nome:*<\/label>\n          <span class=\"cc-error\">Primeiro nome obrigat\u00f3rio<\/span>\n        <\/div>\n        <input type=\"text\" name=\"user_first_name\" id=\"user_first_name2\" class=\"mepr-form-input\" value=\"\" required \/>\n      <\/div>\n      <div class=\"mp-form-row mepr_last_name mepr-field-required\">\n        <div class=\"mp-form-label\">\n          <label for=\"user_last_name2\">Sobrenome:*<\/label>\n          <span class=\"cc-error\">Sobrenome obrigat\u00f3rio<\/span>\n        <\/div>\n        <input type=\"text\" name=\"user_last_name\" id=\"user_last_name2\" class=\"mepr-form-input\" value=\"\" required \/>\n      <\/div>\n    \n    \n    \n<div class=\"mp-form-row mepr_custom_field mepr_mepr_empresa-1 mepr-field-required\">\n        <div class=\"mp-form-label\">\n      <label class=\"placeholder-text\" for=\"mepr_empresa-12\">\n          Empresa:*      <\/label>\n              <span id=\"mepr_empresa-1_error\" class=\"cc-error\">\n          Empresa is Required      <\/span>\n    <\/div>\n    <input type=\"text\" name=\"mepr_empresa-1\" id=\"mepr_empresa-12\" class=\"mepr-form-input \" value=\"\" aria-describedby=\"mepr_empresa-1_error\"  required \/>  <\/div>\n\n<div class=\"mp-form-row mepr_custom_field mepr_mepr_pais-1 mepr-field-required\">\n        <div class=\"mp-form-label\">\n      <label class=\"placeholder-text\" for=\"mepr_pais-12\">\n          Pa\u00eds:*      <\/label>\n              <span id=\"mepr_pais-1_error\" class=\"cc-error\">\n          Pa\u00eds is Required      <\/span>\n    <\/div>\n    <input type=\"text\" name=\"mepr_pais-1\" id=\"mepr_pais-12\" class=\"mepr-form-input \" value=\"\" aria-describedby=\"mepr_pais-1_error\"  required \/>  <\/div>\n\n<div class=\"mp-form-row mepr_custom_field mepr_mepr_telefone\">\n        <div class=\"mp-form-label\">\n      <label class=\"placeholder-text\" for=\"mepr_telefone2\">\n          Telefone:      <\/label>\n              <span id=\"mepr_telefone_error\" class=\"cc-error\">\n          Telefone is not valid      <\/span>\n    <\/div>\n    <input type=\"text\" name=\"mepr_telefone\" id=\"mepr_telefone2\" class=\"mepr-form-input \" value=\"\" aria-describedby=\"mepr_telefone_error\"   \/>  <\/div>\n\n    \n          <input type=\"hidden\" class=\"mepr-geo-country\" name=\"mepr-geo-country\" value=\"\" \/>\n\n              <div class=\"mp-form-row mepr_email mepr-field-required\">\n        <div class=\"mp-form-label\">\n          <label for=\"user_email2\">Email:*<\/label>\n          <span class=\"cc-error\">Invalid Email<\/span>\n        <\/div>\n        <input type=\"email\" name=\"user_email\" id=\"user_email2\" class=\"mepr-form-input\" value=\"\" required \/>\n      <\/div>\n      <div class=\"mp-form-row mepr_email_stripe mepr-field-required mepr-hidden\">\n      <\/div>\n                                <div class=\"mp-form-row mepr_password mepr-field-required\">\n          <div class=\"mp-form-label\">\n            <label for=\"mepr_user_password2\">Senha:*<\/label>\n            <span class=\"cc-error\">Invalid Password<\/span>\n          <\/div>\n          <div class=\"mp-hide-pw\">\n            <input type=\"password\" name=\"mepr_user_password\" id=\"mepr_user_password2\" class=\"mepr-form-input mepr-password\" value=\"\" required \/>\n            <button type=\"button\" class=\"button mp-hide-pw hide-if-no-js\" data-toggle=\"0\" aria-label=\"Show password\">\n              <span class=\"dashicons dashicons-visibility\" aria-hidden=\"true\"><\/span>\n            <\/button>\n          <\/div>\n          <\/div>\n        <div class=\"mp-form-row mepr_password_confirm mepr-field-required\">\n          <div class=\"mp-form-label\">\n            <label for=\"mepr_user_password_confirm2\">Confirma\u00e7\u00e3o de senha:*<\/label>\n            <span class=\"cc-error\">Password Confirmation Doesn&#039;t Match<\/span>\n          <\/div>\n          <div class=\"mp-hide-pw\">\n            <input type=\"password\" name=\"mepr_user_password_confirm\" id=\"mepr_user_password_confirm2\" class=\"mepr-form-input mepr-password-confirm\" value=\"\" required \/>\n            <button type=\"button\" class=\"button mp-hide-pw hide-if-no-js\" data-toggle=\"0\" aria-label=\"Show password\">\n              <span class=\"dashicons dashicons-visibility\" aria-hidden=\"true\"><\/span>\n            <\/button>\n          <\/div>\n        <\/div>\n                                    \n        \n    \n          <input type=\"hidden\" name=\"mepr_coupon_code\" value=\"\" \/>\n    \n    \n          <div class=\"mp-form-row\">\n        <label for=\"mepr_agree_to_privacy_policy2\" class=\"mepr-checkbox-field mepr-form-input\" required>\n          <input type=\"checkbox\" name=\"mepr_agree_to_privacy_policy\" id=\"mepr_agree_to_privacy_policy2\" \/>\n          Ao enviar este formul\u00e1rio, concordo que as informa\u00e7\u00f5es inseridas ser\u00e3o usadas pela Novogen, Controladora de Dados, para fins de processamento da minha solicita\u00e7\u00e3o. Voc\u00ea pode exercer seus direitos de acesso, retifica\u00e7\u00e3o, exclus\u00e3o, limita\u00e7\u00e3o, oposi\u00e7\u00e3o e portabilidade, se aplic\u00e1vel. Para obter mais informa\u00e7\u00f5es, consulte nossa <a href=\"https:\/\/novocenter.novogen-layers.com\/privacy-policy\/\" target=\"_blank\">Pol\u00edtica de privacidade<\/a>.        <\/label>\n      <\/div>\n    \n        \n    <div class=\"mepr_spacer\">&nbsp;<\/div>\n\n    <div class=\"mp-form-submit\">\n            <label for=\"mepr_no_val\" class=\"mepr-visuallyhidden\">No val<\/label>\n      <input type=\"text\" id=\"mepr_no_val\" name=\"mepr_no_val\" class=\"mepr-form-input mepr-visuallyhidden mepr_no_val mepr-hidden\" autocomplete=\"off\" \/>\n\n              <input type=\"submit\" class=\"mepr-submit\" value=\"Registrar-se\" \/>\n            <img decoding=\"async\" src=\"https:\/\/novocenter.novogen-layers.com\/wp-admin\/images\/loading.gif\" alt=\"Loading...\" style=\"display: none;\" class=\"mepr-loading-gif\" title=\"Loading icon\" \/>\n      <span class=\"mepr-form-has-errors\">Corrija os erros acima<\/span>\n\n    <\/div>\n  <\/form>\n<\/div>\n<\/p>\n","protected":false},"author":1,"featured_media":0,"parent":0,"menu_order":0,"comment_status":"closed","ping_status":"closed","template":"","meta":{"_et_pb_use_builder":"on","_et_pb_old_content":"","_et_gb_content_width":"","footnotes":""},"class_list":["post-75341","page","type-page","status-publish","hentry"],"yoast_head":"<!-- This site is optimized with the Yoast SEO plugin v27.0 - https:\/\/yoast.com\/product\/yoast-seo-wordpress\/ -->\n<title>Inscri\u00e7\u00e3o - Novocenter<\/title>\n<meta name=\"robots\" content=\"index, follow, max-snippet:-1, max-image-preview:large, max-video-preview:-1\" \/>\n<link rel=\"canonical\" href=\"https:\/\/novocenter.novogen-layers.com\/inscription\/\" \/>\n<meta property=\"og:locale\" content=\"pt_BR\" \/>\n<meta property=\"og:type\" content=\"article\" \/>\n<meta property=\"og:title\" content=\"Inscri\u00e7\u00e3o - Novocenter\" \/>\n<meta property=\"og:description\" content=\"Inscri\u00e7\u00e3oUse este formul\u00e1rio para criar uma conta no Novocenter. Voc\u00ea se beneficiar\u00e1 de informa\u00e7\u00f5es exclusivas e alertas de novos conte\u00fados. Preencha os campos a seguir:\" \/>\n<meta property=\"og:url\" content=\"https:\/\/novocenter.novogen-layers.com\/inscription\/\" \/>\n<meta property=\"og:site_name\" content=\"Novocenter\" \/>\n<meta property=\"article:modified_time\" content=\"2026-03-13T14:12:07+00:00\" \/>\n<meta name=\"twitter:card\" content=\"summary_large_image\" \/>\n<meta name=\"twitter:label1\" content=\"Est. tempo de leitura\" \/>\n\t<meta name=\"twitter:data1\" content=\"1 minuto\" \/>\n<script type=\"application\/ld+json\" class=\"yoast-schema-graph\">{\"@context\":\"https:\/\/schema.org\",\"@graph\":[{\"@type\":\"WebPage\",\"@id\":\"https:\/\/novocenter.novogen-layers.com\/inscription\/\",\"url\":\"https:\/\/novocenter.novogen-layers.com\/inscription\/\",\"name\":\"Inscri\u00e7\u00e3o - Novocenter\",\"isPartOf\":{\"@id\":\"https:\/\/novocenter.novogen-layers.com\/#website\"},\"datePublished\":\"2021-03-29T00:19:43+00:00\",\"dateModified\":\"2026-03-13T14:12:07+00:00\",\"breadcrumb\":{\"@id\":\"https:\/\/novocenter.novogen-layers.com\/inscription\/#breadcrumb\"},\"inLanguage\":\"pt-BR\",\"potentialAction\":[{\"@type\":\"ReadAction\",\"target\":[\"https:\/\/novocenter.novogen-layers.com\/inscription\/\"]}]},{\"@type\":\"BreadcrumbList\",\"@id\":\"https:\/\/novocenter.novogen-layers.com\/inscription\/#breadcrumb\",\"itemListElement\":[{\"@type\":\"ListItem\",\"position\":1,\"name\":\"In\u00edcio\",\"item\":\"https:\/\/novocenter.novogen-layers.com\/pt-br\/\"},{\"@type\":\"ListItem\",\"position\":2,\"name\":\"Inscri\u00e7\u00e3o\"}]},{\"@type\":\"WebSite\",\"@id\":\"https:\/\/novocenter.novogen-layers.com\/#website\",\"url\":\"https:\/\/novocenter.novogen-layers.com\/\",\"name\":\"Novocenter\",\"description\":\"Un site utilisant WordPress\",\"publisher\":{\"@id\":\"https:\/\/novocenter.novogen-layers.com\/#organization\"},\"potentialAction\":[{\"@type\":\"SearchAction\",\"target\":{\"@type\":\"EntryPoint\",\"urlTemplate\":\"https:\/\/novocenter.novogen-layers.com\/?s={search_term_string}\"},\"query-input\":{\"@type\":\"PropertyValueSpecification\",\"valueRequired\":true,\"valueName\":\"search_term_string\"}}],\"inLanguage\":\"pt-BR\"},{\"@type\":\"Organization\",\"@id\":\"https:\/\/novocenter.novogen-layers.com\/#organization\",\"name\":\"Novogen Layers\",\"url\":\"https:\/\/novocenter.novogen-layers.com\/\",\"logo\":{\"@type\":\"ImageObject\",\"inLanguage\":\"pt-BR\",\"@id\":\"https:\/\/novocenter.novogen-layers.com\/#\/schema\/logo\/image\/\",\"url\":\"https:\/\/novocenter.novogen-layers.com\/wp-content\/uploads\/2022\/01\/logo-couleur-hor-novogen-notagline.svg\",\"contentUrl\":\"https:\/\/novocenter.novogen-layers.com\/wp-content\/uploads\/2022\/01\/logo-couleur-hor-novogen-notagline.svg\",\"width\":357,\"height\":104,\"caption\":\"Novogen Layers\"},\"image\":{\"@id\":\"https:\/\/novocenter.novogen-layers.com\/#\/schema\/logo\/image\/\"}}]}<\/script>\n<!-- \/ Yoast SEO plugin. -->","yoast_head_json":{"title":"Inscri\u00e7\u00e3o - Novocenter","robots":{"index":"index","follow":"follow","max-snippet":"max-snippet:-1","max-image-preview":"max-image-preview:large","max-video-preview":"max-video-preview:-1"},"canonical":"https:\/\/novocenter.novogen-layers.com\/inscription\/","og_locale":"pt_BR","og_type":"article","og_title":"Inscri\u00e7\u00e3o - Novocenter","og_description":"Inscri\u00e7\u00e3oUse este formul\u00e1rio para criar uma conta no Novocenter. Voc\u00ea se beneficiar\u00e1 de informa\u00e7\u00f5es exclusivas e alertas de novos conte\u00fados. Preencha os campos a seguir:","og_url":"https:\/\/novocenter.novogen-layers.com\/inscription\/","og_site_name":"Novocenter","article_modified_time":"2026-03-13T14:12:07+00:00","twitter_card":"summary_large_image","twitter_misc":{"Est. tempo de leitura":"1 minuto"},"schema":{"@context":"https:\/\/schema.org","@graph":[{"@type":"WebPage","@id":"https:\/\/novocenter.novogen-layers.com\/inscription\/","url":"https:\/\/novocenter.novogen-layers.com\/inscription\/","name":"Inscri\u00e7\u00e3o - Novocenter","isPartOf":{"@id":"https:\/\/novocenter.novogen-layers.com\/#website"},"datePublished":"2021-03-29T00:19:43+00:00","dateModified":"2026-03-13T14:12:07+00:00","breadcrumb":{"@id":"https:\/\/novocenter.novogen-layers.com\/inscription\/#breadcrumb"},"inLanguage":"pt-BR","potentialAction":[{"@type":"ReadAction","target":["https:\/\/novocenter.novogen-layers.com\/inscription\/"]}]},{"@type":"BreadcrumbList","@id":"https:\/\/novocenter.novogen-layers.com\/inscription\/#breadcrumb","itemListElement":[{"@type":"ListItem","position":1,"name":"In\u00edcio","item":"https:\/\/novocenter.novogen-layers.com\/pt-br\/"},{"@type":"ListItem","position":2,"name":"Inscri\u00e7\u00e3o"}]},{"@type":"WebSite","@id":"https:\/\/novocenter.novogen-layers.com\/#website","url":"https:\/\/novocenter.novogen-layers.com\/","name":"Novocenter","description":"Un site utilisant WordPress","publisher":{"@id":"https:\/\/novocenter.novogen-layers.com\/#organization"},"potentialAction":[{"@type":"SearchAction","target":{"@type":"EntryPoint","urlTemplate":"https:\/\/novocenter.novogen-layers.com\/?s={search_term_string}"},"query-input":{"@type":"PropertyValueSpecification","valueRequired":true,"valueName":"search_term_string"}}],"inLanguage":"pt-BR"},{"@type":"Organization","@id":"https:\/\/novocenter.novogen-layers.com\/#organization","name":"Novogen Layers","url":"https:\/\/novocenter.novogen-layers.com\/","logo":{"@type":"ImageObject","inLanguage":"pt-BR","@id":"https:\/\/novocenter.novogen-layers.com\/#\/schema\/logo\/image\/","url":"https:\/\/novocenter.novogen-layers.com\/wp-content\/uploads\/2022\/01\/logo-couleur-hor-novogen-notagline.svg","contentUrl":"https:\/\/novocenter.novogen-layers.com\/wp-content\/uploads\/2022\/01\/logo-couleur-hor-novogen-notagline.svg","width":357,"height":104,"caption":"Novogen Layers"},"image":{"@id":"https:\/\/novocenter.novogen-layers.com\/#\/schema\/logo\/image\/"}}]}},"_links":{"self":[{"href":"https:\/\/novocenter.novogen-layers.com\/pt-br\/wp-json\/wp\/v2\/pages\/75341","targetHints":{"allow":["GET"]}}],"collection":[{"href":"https:\/\/novocenter.novogen-layers.com\/pt-br\/wp-json\/wp\/v2\/pages"}],"about":[{"href":"https:\/\/novocenter.novogen-layers.com\/pt-br\/wp-json\/wp\/v2\/types\/page"}],"author":[{"embeddable":true,"href":"https:\/\/novocenter.novogen-layers.com\/pt-br\/wp-json\/wp\/v2\/users\/1"}],"replies":[{"embeddable":true,"href":"https:\/\/novocenter.novogen-layers.com\/pt-br\/wp-json\/wp\/v2\/comments?post=75341"}],"version-history":[{"count":5,"href":"https:\/\/novocenter.novogen-layers.com\/pt-br\/wp-json\/wp\/v2\/pages\/75341\/revisions"}],"predecessor-version":[{"id":1079081,"href":"https:\/\/novocenter.novogen-layers.com\/pt-br\/wp-json\/wp\/v2\/pages\/75341\/revisions\/1079081"}],"wp:attachment":[{"href":"https:\/\/novocenter.novogen-layers.com\/pt-br\/wp-json\/wp\/v2\/media?parent=75341"}],"curies":[{"name":"wp","href":"https:\/\/api.w.org\/{rel}","templated":true}]}}